{"id":12,"date":"2025-09-01T09:11:37","date_gmt":"2025-09-01T07:11:37","guid":{"rendered":"https:\/\/www.capvalon.com\/?page_id=12"},"modified":"2026-04-10T09:16:23","modified_gmt":"2026-04-10T07:16:23","slug":"12-2","status":"publish","type":"page","link":"https:\/\/www.capvalon.com\/","title":{"rendered":"Capvalon"},"content":{"rendered":"\n<p>Kapital strukturieren, Beteiligungen gezielt ordnen, Werte formen, Entwicklung erm\u00f6glichen. <\/p>\n\n\n\n<p>Capvalon steht f\u00fcr den Aufbau und die Ausrichtung von Substanz \u00fcber Beteiligungen hinweg \u2013 mit klarem Fokus auf nachhaltigen, langfristigen Verm\u00f6gensaufbau.<\/p>\n\n\n\n<div style=\"height:1500px\" aria-hidden=\"true\" class=\"wp-block-spacer\"><\/div>\n\n\n\n<p><\/p>\n\n\n\n<p><\/p>\n\n\n\n<p><\/p>\n\n\n\n<p><\/p>\n\n\n\n<p><\/p>\n\n\n\n<p><\/p>\n\n\n\n<p><\/p>\n\n\n\n<p><\/p>\n\n\n\n<p><\/p>\n\n\n\n<p><\/p>\n\n\n\n<p><\/p>\n\n\n\n<h1 class=\"wp-block-heading\">Impressum<\/h1>\n\n\n\n<p>Capvalon GmbH<br>Wiesenstrasse 17<br>15738 Zeuthen<\/p>\n\n\n\n<p>Handelsregister: HRB 19308<br>Registergericht: Amtsgericht Cottbus (CB)<\/p>\n\n\n\n<p><strong>Vertretungsberechtigter Gesch\u00e4ftsf\u00fchrer:<\/strong><br>Christian Golecki<\/p>\n\n\n\n<h2 class=\"wp-block-heading\">Kontakt<\/h2>\n\n\n\n<p>Telefon: 004915116824394<br>E-Mail: christian.golecki@gomoco.de<\/p>\n\n\n\n<h2 class=\"wp-block-heading\">Umsatzsteuer-ID<\/h2>\n\n\n\n<p>Umsatzsteuer-Identifikationsnummer gem\u00e4\u00df \u00a7 27 a Umsatzsteuergesetz: DE459815355<br><\/p>\n\n\n\n<h2 class=\"wp-block-heading\">Verbraucher\u00adstreit\u00adbeilegung\/Universal\u00adschlichtungs\u00adstelle<\/h2>\n\n\n\n<p>Wir sind nicht bereit oder verpflichtet, an Streitbeilegungsverfahren vor einer Verbraucherschlichtungsstelle teilzunehmen.<\/p>\n\n\n\n<p>Quelle:&nbsp;<a href=\"https:\/\/www.e-recht24.de\/impressum-generator.html\">https:\/\/www.e-recht24.de\/impressum-generator.html<\/a><\/p>\n\n\n\n<p><strong>Transparenzhinweis:&nbsp;<\/strong>Einige der auf dieser Website eingesetzten Visualisierungen und Grafiken wurden mithilfe k\u00fcnstlicher Intelligenz erstellt, um Inhalte anschaulich darzustellen.<\/p>\n","protected":false},"excerpt":{"rendered":"<p>Kapital strukturieren, Beteiligungen gezielt ordnen, Werte formen, Entwicklung erm\u00f6glichen. Capvalon steht f\u00fcr den Aufbau und die Ausrichtung von Substanz \u00fcber Beteiligungen hinweg \u2013 mit klarem Fokus auf nachhaltigen, langfristigen Verm\u00f6gensaufbau. Impressum Capvalon GmbHWiesenstrasse 1715738 Zeuthen Handelsregister: HRB 19308Registergericht: Amtsgericht Cottbus (CB) Vertretungsberechtigter Gesch\u00e4ftsf\u00fchrer:Christian Golecki Kontakt Telefon: 004915116824394E-Mail: christian.golecki@gomoco.de Umsatzsteuer-ID Umsatzsteuer-Identifikationsnummer gem\u00e4\u00df \u00a7 27 a Umsatzsteuergesetz: [&hellip;]<\/p>\n","protected":false},"author":1,"featured_media":0,"parent":0,"menu_order":0,"comment_status":"closed","ping_status":"closed","template":"","meta":{"footnotes":""},"class_list":["post-12","page","type-page","status-publish","hentry"],"yoast_head":"<!-- This site is optimized with the Yoast SEO plugin v27.4 - https:\/\/yoast.com\/product\/yoast-seo-wordpress\/ -->\n<title>Capvalon - Capvalon GmbH<\/title>\n<meta name=\"robots\" content=\"index, follow, max-snippet:-1, max-image-preview:large, max-video-preview:-1\" \/>\n<link rel=\"canonical\" href=\"https:\/\/www.capvalon.com\/\" \/>\n<meta property=\"og:locale\" content=\"de_DE\" \/>\n<meta property=\"og:type\" content=\"article\" \/>\n<meta property=\"og:title\" content=\"Capvalon - Capvalon GmbH\" \/>\n<meta property=\"og:description\" content=\"Kapital strukturieren, Beteiligungen gezielt ordnen, Werte formen, Entwicklung erm\u00f6glichen. Capvalon steht f\u00fcr den Aufbau und die Ausrichtung von Substanz \u00fcber Beteiligungen hinweg \u2013 mit klarem Fokus auf nachhaltigen, langfristigen Verm\u00f6gensaufbau. Impressum Capvalon GmbHWiesenstrasse 1715738 Zeuthen Handelsregister: HRB 19308Registergericht: Amtsgericht Cottbus (CB) Vertretungsberechtigter Gesch\u00e4ftsf\u00fchrer:Christian Golecki Kontakt Telefon: 004915116824394E-Mail: christian.golecki@gomoco.de Umsatzsteuer-ID Umsatzsteuer-Identifikationsnummer gem\u00e4\u00df \u00a7 27 a Umsatzsteuergesetz: [&hellip;]\" \/>\n<meta property=\"og:url\" content=\"https:\/\/www.capvalon.com\/\" \/>\n<meta property=\"og:site_name\" content=\"Capvalon GmbH\" \/>\n<meta property=\"article:modified_time\" content=\"2026-04-10T07:16:23+00:00\" \/>\n<meta name=\"twitter:card\" content=\"summary_large_image\" \/>\n<meta name=\"twitter:label1\" content=\"Gesch\u00e4tzte Lesezeit\" \/>\n\t<meta name=\"twitter:data1\" content=\"1\u00a0Minute\" \/>\n<script type=\"application\/ld+json\" class=\"yoast-schema-graph\">{\"@context\":\"https:\\\/\\\/schema.org\",\"@graph\":[{\"@type\":\"WebPage\",\"@id\":\"https:\\\/\\\/www.capvalon.com\\\/\",\"url\":\"https:\\\/\\\/www.capvalon.com\\\/\",\"name\":\"Capvalon - Capvalon GmbH\",\"isPartOf\":{\"@id\":\"https:\\\/\\\/www.capvalon.com\\\/#website\"},\"datePublished\":\"2025-09-01T07:11:37+00:00\",\"dateModified\":\"2026-04-10T07:16:23+00:00\",\"breadcrumb\":{\"@id\":\"https:\\\/\\\/www.capvalon.com\\\/#breadcrumb\"},\"inLanguage\":\"de\",\"potentialAction\":[{\"@type\":\"ReadAction\",\"target\":[\"https:\\\/\\\/www.capvalon.com\\\/\"]}]},{\"@type\":\"BreadcrumbList\",\"@id\":\"https:\\\/\\\/www.capvalon.com\\\/#breadcrumb\",\"itemListElement\":[{\"@type\":\"ListItem\",\"position\":1,\"name\":\"Startseite\",\"item\":\"https:\\\/\\\/www.capvalon.com\\\/\"},{\"@type\":\"ListItem\",\"position\":2,\"name\":\"Capvalon GmbH\"}]},{\"@type\":\"WebSite\",\"@id\":\"https:\\\/\\\/www.capvalon.com\\\/#website\",\"url\":\"https:\\\/\\\/www.capvalon.com\\\/\",\"name\":\"Capvalon GmbH\",\"description\":\"\",\"potentialAction\":[{\"@type\":\"SearchAction\",\"target\":{\"@type\":\"EntryPoint\",\"urlTemplate\":\"https:\\\/\\\/www.capvalon.com\\\/?s={search_term_string}\"},\"query-input\":{\"@type\":\"PropertyValueSpecification\",\"valueRequired\":true,\"valueName\":\"search_term_string\"}}],\"inLanguage\":\"de\"}]}<\/script>\n<!-- \/ Yoast SEO plugin. -->","yoast_head_json":{"title":"Capvalon - Capvalon GmbH","robots":{"index":"index","follow":"follow","max-snippet":"max-snippet:-1","max-image-preview":"max-image-preview:large","max-video-preview":"max-video-preview:-1"},"canonical":"https:\/\/www.capvalon.com\/","og_locale":"de_DE","og_type":"article","og_title":"Capvalon - Capvalon GmbH","og_description":"Kapital strukturieren, Beteiligungen gezielt ordnen, Werte formen, Entwicklung erm\u00f6glichen. Capvalon steht f\u00fcr den Aufbau und die Ausrichtung von Substanz \u00fcber Beteiligungen hinweg \u2013 mit klarem Fokus auf nachhaltigen, langfristigen Verm\u00f6gensaufbau. Impressum Capvalon GmbHWiesenstrasse 1715738 Zeuthen Handelsregister: HRB 19308Registergericht: Amtsgericht Cottbus (CB) Vertretungsberechtigter Gesch\u00e4ftsf\u00fchrer:Christian Golecki Kontakt Telefon: 004915116824394E-Mail: christian.golecki@gomoco.de Umsatzsteuer-ID Umsatzsteuer-Identifikationsnummer gem\u00e4\u00df \u00a7 27 a Umsatzsteuergesetz: [&hellip;]","og_url":"https:\/\/www.capvalon.com\/","og_site_name":"Capvalon GmbH","article_modified_time":"2026-04-10T07:16:23+00:00","twitter_card":"summary_large_image","twitter_misc":{"Gesch\u00e4tzte Lesezeit":"1\u00a0Minute"},"schema":{"@context":"https:\/\/schema.org","@graph":[{"@type":"WebPage","@id":"https:\/\/www.capvalon.com\/","url":"https:\/\/www.capvalon.com\/","name":"Capvalon - Capvalon GmbH","isPartOf":{"@id":"https:\/\/www.capvalon.com\/#website"},"datePublished":"2025-09-01T07:11:37+00:00","dateModified":"2026-04-10T07:16:23+00:00","breadcrumb":{"@id":"https:\/\/www.capvalon.com\/#breadcrumb"},"inLanguage":"de","potentialAction":[{"@type":"ReadAction","target":["https:\/\/www.capvalon.com\/"]}]},{"@type":"BreadcrumbList","@id":"https:\/\/www.capvalon.com\/#breadcrumb","itemListElement":[{"@type":"ListItem","position":1,"name":"Startseite","item":"https:\/\/www.capvalon.com\/"},{"@type":"ListItem","position":2,"name":"Capvalon GmbH"}]},{"@type":"WebSite","@id":"https:\/\/www.capvalon.com\/#website","url":"https:\/\/www.capvalon.com\/","name":"Capvalon GmbH","description":"","potentialAction":[{"@type":"SearchAction","target":{"@type":"EntryPoint","urlTemplate":"https:\/\/www.capvalon.com\/?s={search_term_string}"},"query-input":{"@type":"PropertyValueSpecification","valueRequired":true,"valueName":"search_term_string"}}],"inLanguage":"de"}]}},"_links":{"self":[{"href":"https:\/\/www.capvalon.com\/index.php?rest_route=\/wp\/v2\/pages\/12","targetHints":{"allow":["GET"]}}],"collection":[{"href":"https:\/\/www.capvalon.com\/index.php?rest_route=\/wp\/v2\/pages"}],"about":[{"href":"https:\/\/www.capvalon.com\/index.php?rest_route=\/wp\/v2\/types\/page"}],"author":[{"embeddable":true,"href":"https:\/\/www.capvalon.com\/index.php?rest_route=\/wp\/v2\/users\/1"}],"replies":[{"embeddable":true,"href":"https:\/\/www.capvalon.com\/index.php?rest_route=%2Fwp%2Fv2%2Fcomments&post=12"}],"version-history":[{"count":13,"href":"https:\/\/www.capvalon.com\/index.php?rest_route=\/wp\/v2\/pages\/12\/revisions"}],"predecessor-version":[{"id":50,"href":"https:\/\/www.capvalon.com\/index.php?rest_route=\/wp\/v2\/pages\/12\/revisions\/50"}],"wp:attachment":[{"href":"https:\/\/www.capvalon.com\/index.php?rest_route=%2Fwp%2Fv2%2Fmedia&parent=12"}],"curies":[{"name":"wp","href":"https:\/\/api.w.org\/{rel}","templated":true}]}}